{"id":22,"date":"2025-11-02T09:29:50","date_gmt":"2025-11-02T09:29:50","guid":{"rendered":"https:\/\/rozbeh.eu\/?page_id=22"},"modified":"2026-02-21T15:06:02","modified_gmt":"2026-02-21T15:06:02","slug":"podporte-nas","status":"publish","type":"page","link":"https:\/\/rozbeh.eu\/?page_id=22","title":{"rendered":"Kontakt"},"content":{"rendered":"\n<p class=\"has-medium-font-size\">Pom\u00e1hame <strong>de\u0165om so zdravotn\u00fdm znev\u00fdhodnen\u00edm<\/strong>, aby r\u00e1stli, objavovali svet, h\u00fdbali sa, smiali a pre\u017e\u00edvali rados\u0165 ka\u017ed\u00fd de\u0148. Vytv\u00e1rame im priestor na nov\u00e9 z\u00e1\u017eitky, priate\u013estv\u00e1 a pocit istoty, \u017ee na svojej ceste nikdy nie s\u00fa samy.<\/p>\n\n\n\n<p class=\"has-medium-font-size\">Ka\u017ed\u00fd pr\u00edspevok pom\u00e1ha budova\u0165 prostredie pln\u00e9 prijatia, radosti a porozumenia. \u010eakujeme, \u017ee ste v tom s nami. Spolo\u010dne dok\u00e1\u017eeme vytvori\u0165 svet, v ktorom m\u00e1 ka\u017ed\u00e9 die\u0165a svoje miesto \ud83d\ude42<\/p>\n\n\n\n<h2 class=\"wp-block-heading\">Podpori\u0165 n\u00e1s m\u00f4\u017ee\u0161:<\/h2>\n\n\n\n<ul class=\"wp-block-list\">\n<li class=\"has-medium-font-size\">finan\u010dn\u00fdm darom,<\/li>\n\n\n\n<li class=\"has-medium-font-size\">venovan\u00edm 2 % z dane,<\/li>\n\n\n\n<li class=\"has-medium-font-size\">pomocou pri organiz\u00e1cii podujat\u00ed,<\/li>\n\n\n\n<li class=\"has-medium-font-size\">alebo jednoducho t\u00fdm, \u017ee o n\u00e1s povie\u0161 \u010falej.<\/li>\n<\/ul>\n\n\n\n<p class=\"has-medium-font-size\">\u010eakujeme, \u017ee spolu s nami men\u00edte MAL\u00c9 kroky na VE\u013dK\u00c9 \u00fasmevy.<\/p>\n\n\n\n<h2 class=\"wp-block-heading\">Kontaktn\u00e9 \u00fadaje:<\/h2>\n\n\n\n<ul class=\"wp-block-list\">\n<li class=\"has-medium-font-size\">RozBEH, o.z.<\/li>\n\n\n\n<li class=\"has-medium-font-size\">Ostravsk\u00e1 1014\/6, 040 11 Ko\u0161ice, <\/li>\n\n\n\n<li class=\"has-medium-font-size\">I\u010cO: 50084941<\/li>\n\n\n\n<li class=\"has-medium-font-size\">Email: ozrozbeh@gmail.com<\/li>\n\n\n\n<li class=\"has-medium-font-size\">Telef\u00f3nne \u010d\u00edslo: +421 944 482 503<\/li>\n<\/ul>\n\n\n\n<h2 class=\"wp-block-heading\">\u010cislo \u00fa\u010dtu: <\/h2>\n\n\n\n<ul class=\"wp-block-list has-medium-font-size\">\n<li>Fio banka<\/li>\n\n\n\n<li>IBAN: SK27 8330 0000 0025 0099 7555<\/li>\n\n\n\n<li>SWIFT: FIOZSKBAXXX<\/li>\n<\/ul>\n\n\n<div class=\"brz-root__container\"><\/div>\n\n\n<div data-wp-interactive=\"core\/file\" class=\"wp-block-file\"><object data-wp-bind--hidden=\"!state.hasPdfPreview\" hidden class=\"wp-block-file__embed\" data=\"https:\/\/rozbeh.eu\/wp-content\/uploads\/2026\/02\/2-RozBEH.pdf\" type=\"application\/pdf\" style=\"width:100%;height:600px\" aria-label=\"Embed of 2% RozBEH.\"><\/object><a id=\"wp-block-file--media-261824e2-5929-4445-8052-18c59183ed30\" href=\"https:\/\/rozbeh.eu\/wp-content\/uploads\/2026\/02\/2-RozBEH.pdf\">2% RozBEH<\/a><a href=\"https:\/\/rozbeh.eu\/wp-content\/uploads\/2026\/02\/2-RozBEH.pdf\" class=\"wp-block-file__button wp-element-button\" download aria-describedby=\"wp-block-file--media-261824e2-5929-4445-8052-18c59183ed30\">Download<\/a><\/div>\n","protected":false},"excerpt":{"rendered":"<p>Pom\u00e1hame de\u0165om so zdravotn\u00fdm znev\u00fdhodnen\u00edm, aby r\u00e1stli, objavovali svet, h\u00fdbali sa, smiali a pre\u017e\u00edvali rados\u0165 ka\u017ed\u00fd de\u0148. Vytv\u00e1rame im priestor na nov\u00e9 z\u00e1\u017eitky, priate\u013estv\u00e1 a pocit istoty, \u017ee na svojej ceste nikdy nie s\u00fa samy. Ka\u017ed\u00fd pr\u00edspevok pom\u00e1ha budova\u0165 prostredie pln\u00e9 prijatia, radosti a porozumenia. \u010eakujeme, \u017ee ste v tom s nami. Spolo\u010dne dok\u00e1\u017eeme vytvori\u0165 [&hellip;]<\/p>\n","protected":false},"author":1,"featured_media":0,"parent":0,"menu_order":0,"comment_status":"closed","ping_status":"closed","template":"brizy-blank-template.php","meta":{"footnotes":""},"class_list":["post-22","page","type-page","status-publish","hentry"],"brizy_media":[],"_links":{"self":[{"href":"https:\/\/rozbeh.eu\/index.php?rest_route=\/wp\/v2\/pages\/22","targetHints":{"allow":["GET"]}}],"collection":[{"href":"https:\/\/rozbeh.eu\/index.php?rest_route=\/wp\/v2\/pages"}],"about":[{"href":"https:\/\/rozbeh.eu\/index.php?rest_route=\/wp\/v2\/types\/page"}],"author":[{"embeddable":true,"href":"https:\/\/rozbeh.eu\/index.php?rest_route=\/wp\/v2\/users\/1"}],"replies":[{"embeddable":true,"href":"https:\/\/rozbeh.eu\/index.php?rest_route=%2Fwp%2Fv2%2Fcomments&post=22"}],"version-history":[{"count":5,"href":"https:\/\/rozbeh.eu\/index.php?rest_route=\/wp\/v2\/pages\/22\/revisions"}],"predecessor-version":[{"id":239,"href":"https:\/\/rozbeh.eu\/index.php?rest_route=\/wp\/v2\/pages\/22\/revisions\/239"}],"wp:attachment":[{"href":"https:\/\/rozbeh.eu\/index.php?rest_route=%2Fwp%2Fv2%2Fmedia&parent=22"}],"curies":[{"name":"wp","href":"https:\/\/api.w.org\/{rel}","templated":true}]}}