{"id":2,"date":"2025-11-02T08:50:21","date_gmt":"2025-11-02T08:50:21","guid":{"rendered":"https:\/\/rozbeh.eu\/?page_id=2"},"modified":"2026-02-21T15:36:54","modified_gmt":"2026-02-21T15:36:54","slug":"sample-page","status":"publish","type":"page","link":"https:\/\/rozbeh.eu\/?page_id=2","title":{"rendered":"\u0160portov\u00e9 Kluby"},"content":{"rendered":"\n<p class=\"has-medium-font-size\">Pohyb je rados\u0165 \u2013 a \u0161port je sp\u00f4sob, ako ju zdie\u013ea\u0165 spolu.&nbsp;V na\u0161ich \u0161portov\u00fdch kluboch d\u00e1vame de\u0165om, mlad\u00fdm aj dospel\u00fdm mo\u017enos\u0165 objavova\u0165 silu tela, spolupr\u00e1cu a pocit \u00faspechu, ktor\u00fd prich\u00e1dza z mal\u00fdch aj ve\u013ek\u00fdch v\u00ed\u0165azstiev. Na\u0161e \u0161portov\u00e9 kluby s\u00fa otvoren\u00e9 v\u0161etk\u00fdm de\u0165om \u2013 aj t\u00fdm so zdravotn\u00fdm znev\u00fdhodnen\u00edm. Ka\u017ed\u00fd tr\u00e9nuje pod\u013ea svojich mo\u017enost\u00ed, vlastn\u00fdm tempom, s podporou sk\u00fasen\u00fdch tr\u00e9nerov a s atmosf\u00e9rou, kde rados\u0165 z pohybu je d\u00f4le\u017eitej\u0161ia ne\u017e v\u00fdkon.&nbsp;<\/p>\n\n\n\n<h2 class=\"wp-block-heading has-medium-font-size\"><strong>Plaveck\u00fd klub<\/strong><\/h2>\n\n\n\n<p class=\"has-medium-font-size\">Voda prin\u00e1\u0161a slobodu, \u013eahkos\u0165 a rados\u0165 z ka\u017ed\u00e9ho pohybu.V na\u0161om plaveckom klube pom\u00e1hame de\u0165om c\u00edti\u0165 sa vo vode isto, bezpe\u010dne a s \u00fasmevom. U\u010d\u00edme ich z\u00e1klady pl\u00e1vania, krok za krokom zdokona\u013eujeme techniku a budujeme vz\u0165ah k vode tak, aby sa pre nich stala miestom radosti, nie ob\u00e1v. <\/p>\n\n\n\n<p class=\"has-medium-font-size\">Ka\u017ed\u00fd pokrok \u2013 od prv\u00e9ho spl\u00fdvania a\u017e po sebavedom\u00e9 d\u013a\u017eky \u2013 oslavujeme spolu s nimi. A ke\u010f deti z\u00edskaj\u00fa istotu a chu\u0165 pos\u00fava\u0165 svoje hranice, vytv\u00e1rame pre ne pr\u00edle\u017eitosti zapoji\u0165 sa do plaveck\u00fdch podujat\u00ed a \u0161portov\u00fdch v\u00fdziev, kde m\u00f4\u017eu za\u017ei\u0165 motiv\u00e1ciu, nad\u0161enie a hrdos\u0165 z vlastn\u00e9ho pokroku. Pre n\u00e1s v\u0161ak nie je cie\u013eom len nau\u010di\u0165 deti pl\u00e1va\u0165. Chceme, aby vo vode na\u0161li slobodu, sebavedomie a rados\u0165 z pohybu.<\/p>\n\n\n\n<p>V na\u0161om zdru\u017een\u00ed voda sp\u00e1ja dva svety \u2013 prv\u00e9 odv\u00e1\u017ene kroky aj ve\u013ek\u00e9 plaveck\u00e9 sny.<\/p>\n\n\n\n<p><strong>VikiRybky<\/strong> s\u00fa miestom, kde sa rod\u00ed vz\u0165ah k vode. Tu deti prekon\u00e1vaj\u00fa prv\u00e9 obavy, objavuj\u00fa rados\u0165 z pohybu a u\u010dia sa, \u017ee voda m\u00f4\u017ee by\u0165 bezpe\u010dn\u00fdm a hrav\u00fdm priestorom. Ka\u017ed\u00e9 spl\u00fdvanie, ka\u017ed\u00fd prv\u00fd meter bez pomoci je mal\u00fdm v\u00ed\u0165azstvom, ktor\u00e9 oslavujeme spolu s nimi.<\/p>\n\n\n\n<p>Na ne nadv\u00e4zuj\u00fa <strong>Husovcove Husi<\/strong>, klub pre sk\u00fasenej\u0161\u00edch plavcov, ktor\u00ed sa chc\u00fa \u010falej zdokona\u013eova\u0165, rozv\u00edja\u0165 svoju techniku a prij\u00edma\u0165 nov\u00e9 \u0161portov\u00e9 v\u00fdzvy. Spolu vytv\u00e1rame prirodzen\u00fa cestu od prv\u00fdch temp a\u017e po sebavedom\u00e9 plaveck\u00e9 v\u00fdkony.<\/p>\n\n\n\n<p class=\"has-medium-font-size\">Medzi na\u0161ich zverencov patr\u00ed:<\/p>\n\n\n\n<ul class=\"wp-block-list\">\n<li class=\"has-medium-font-size\"><a href=\"https:\/\/rozbeh.eu\/?page_id=141\" data-type=\"link\" data-id=\"https:\/\/rozbeh.eu\/?page_id=141\">Ras\u0165o Husovec (plavec)<\/a><\/li>\n<\/ul>\n\n\n\n<h2 class=\"wp-block-heading has-medium-font-size\"><strong>Be\u017eeck\u00fd klub<\/strong><\/h2>\n\n\n\n<p class=\"has-medium-font-size\">Be\u017e so mnou, vlastn\u00fdm tempom. Na tr\u00e9ningoch sa zameriavame na rozvoj vytrvalosti, koordin\u00e1cie a spr\u00e1vneho dr\u017eania tela, no v\u017edy v duchu fair play a priate\u013eskej podpory.<\/p>\n\n\n\n<h2 class=\"wp-block-heading has-medium-font-size\"><strong>Turistick\u00fd klub <\/strong><\/h2>\n\n\n\n<p class=\"has-medium-font-size\">Pr\u00edroda je najkraj\u0161ia telocvi\u010d\u0148a \u2013 prin\u00e1\u0161a slobodu, dobrodru\u017estvo a z\u00e1\u017eitky, ktor\u00e9 sp\u00e1jaj\u00fa. V na\u0161om turistickom klube poz\u00fdvame deti objavova\u0165 svet okolo seba vlastn\u00fdm tempom, s iskrou v o\u010diach a rados\u0165ou z pohybu na \u010derstvom vzduchu.<\/p>\n","protected":false},"excerpt":{"rendered":"<p>Pohyb je rados\u0165 \u2013 a \u0161port je sp\u00f4sob, ako ju zdie\u013ea\u0165 spolu.&nbsp;V na\u0161ich \u0161portov\u00fdch kluboch d\u00e1vame de\u0165om, mlad\u00fdm aj dospel\u00fdm mo\u017enos\u0165 objavova\u0165 silu tela, spolupr\u00e1cu a pocit \u00faspechu, ktor\u00fd prich\u00e1dza z mal\u00fdch aj ve\u013ek\u00fdch v\u00ed\u0165azstiev. Na\u0161e \u0161portov\u00e9 kluby s\u00fa otvoren\u00e9 v\u0161etk\u00fdm de\u0165om \u2013 aj t\u00fdm so zdravotn\u00fdm znev\u00fdhodnen\u00edm. Ka\u017ed\u00fd tr\u00e9nuje pod\u013ea svojich mo\u017enost\u00ed, vlastn\u00fdm tempom, [&hellip;]<\/p>\n","protected":false},"author":1,"featured_media":0,"parent":0,"menu_order":0,"comment_status":"closed","ping_status":"open","template":"","meta":{"footnotes":""},"class_list":["post-2","page","type-page","status-publish","hentry"],"brizy_media":[],"_links":{"self":[{"href":"https:\/\/rozbeh.eu\/index.php?rest_route=\/wp\/v2\/pages\/2","targetHints":{"allow":["GET"]}}],"collection":[{"href":"https:\/\/rozbeh.eu\/index.php?rest_route=\/wp\/v2\/pages"}],"about":[{"href":"https:\/\/rozbeh.eu\/index.php?rest_route=\/wp\/v2\/types\/page"}],"author":[{"embeddable":true,"href":"https:\/\/rozbeh.eu\/index.php?rest_route=\/wp\/v2\/users\/1"}],"replies":[{"embeddable":true,"href":"https:\/\/rozbeh.eu\/index.php?rest_route=%2Fwp%2Fv2%2Fcomments&post=2"}],"version-history":[{"count":5,"href":"https:\/\/rozbeh.eu\/index.php?rest_route=\/wp\/v2\/pages\/2\/revisions"}],"predecessor-version":[{"id":247,"href":"https:\/\/rozbeh.eu\/index.php?rest_route=\/wp\/v2\/pages\/2\/revisions\/247"}],"wp:attachment":[{"href":"https:\/\/rozbeh.eu\/index.php?rest_route=%2Fwp%2Fv2%2Fmedia&parent=2"}],"curies":[{"name":"wp","href":"https:\/\/api.w.org\/{rel}","templated":true}]}}