{"id":141,"date":"2025-11-16T09:50:06","date_gmt":"2025-11-16T09:50:06","guid":{"rendered":"https:\/\/rozbeh.eu\/?page_id=141"},"modified":"2025-11-16T09:51:08","modified_gmt":"2025-11-16T09:51:08","slug":"rasto-husovec-plavec","status":"publish","type":"page","link":"https:\/\/rozbeh.eu\/?page_id=141","title":{"rendered":"Ras\u0165o Husovec (plavec)"},"content":{"rendered":"<div class=\"wp-block-image is-style-rounded\">\n<figure class=\"alignleft size-thumbnail\"><img decoding=\"async\" src=\"https:\/\/husovec.eu\/wp-content\/uploads\/2024\/08\/15068987_1854083231493204_3192022296153914720_o-150x150.jpg\" alt=\"\" class=\"wp-image-1289\"\/><\/figure>\n<\/div>\n\n\n<p class=\"has-medium-font-size\"><strong>Rastislav Husovec<\/strong> je \u0161portovec s Downov\u00fdm syndr\u00f3mom. <\/p>\n\n\n\n<p class=\"has-medium-font-size\">Najv\u00e4\u010d\u0161\u00ed \u00faspech dosiahol v roku 2023 v Berl\u00edne na <em>World Games Special Olympics <\/em>\u2014 olympi\u00e1de pre ment\u00e1lne hendikepovan\u00fdch \u2014 kde v discipl\u00edne 100m prsia s \u010dasom 1:46,28 z\u00edskal strieborn\u00fa Olympijsk\u00fa medailu. \u0160tartoval aj na 200m prsia, kde zas skon\u010dil na kr\u00e1snom 5. mieste s \u010dasom 3:45,70. V \u0161tafete 4kr\u00e1t 50m zase z\u00edskal s t\u00edmom 5. miesto.<\/p>\n\n\n\n<p class=\"has-medium-font-size\">Ras\u0165o za\u010dal pl\u00e1va\u0165 v roku 2013 kedy prv\u00fd kr\u00e1t od\u0161tartoval na pretekoch vo Svite. Od tej doby absolvoval mnoho n\u00e1rodn\u00fdch aj medzin\u00e1rodn\u00fdch s\u00fa\u0165a\u017e\u00ed. Medzi jeho srdcov\u00e9 z\u00e1le\u017eitost\u00ed patr\u00ed \u00fa\u010das\u0165 na Majstrovstv\u00e1ch Slovenska Downov Syndr\u00f3m v Tren\u010d\u00edne a Slovensk\u00fd poh\u00e1r \u0160peci\u00e1lnych Olympi\u00e1d v Bratislave. V roku 2022 sa z\u00fa\u010dastnil aj N\u00e1rodn\u00fdch hier \u0160peci\u00e1lnych Olympi\u00e1d v Banskej Bystrici.<\/p>\n\n\n\n<figure class=\"wp-block-gallery has-nested-images columns-default is-cropped wp-block-gallery-1 is-layout-flex wp-block-gallery-is-layout-flex\">\n<figure class=\"wp-block-image size-large\"><img decoding=\"async\" data-id=\"1283\" src=\"https:\/\/husovec.eu\/wp-content\/uploads\/2024\/08\/IMG_20240608_184152980-1024x768.jpg\" alt=\"\" class=\"wp-image-1283\"\/><\/figure>\n\n\n\n<figure class=\"wp-block-image size-medium\"><img decoding=\"async\" data-id=\"1284\" src=\"https:\/\/husovec.eu\/wp-content\/uploads\/2024\/08\/IMG_20231229_192817091_HDR-1-225x300.jpg\" alt=\"\" class=\"wp-image-1284\"\/><\/figure>\n\n\n\n<figure class=\"wp-block-image size-large\"><img decoding=\"async\" data-id=\"1285\" src=\"https:\/\/husovec.eu\/wp-content\/uploads\/2024\/08\/IMG_2443-1024x768.jpg\" alt=\"\" class=\"wp-image-1285\"\/><\/figure>\n\n\n<\/figure>\n\n\n\n<p class=\"has-medium-font-size\">V roku 2024 absolvoval nieko\u013eko zauj\u00edmav\u00fdch plaveck\u00fdch pretekov. Po prv\u00fd kr\u00e1t zabr\u00fasil aj do triatlonu.<\/p>\n\n\n\n<p class=\"has-medium-font-size\">V r\u00e1mci pr\u00edpravy na Triatlon Cassovia absolvoval prv\u00fd Duatlon ale aj Aquatlon. V j\u00fali 2024 nast\u00fapil na Triatlon Cassovia (200m pl\u00e1vanie, 6km bicykel a 1km beh) a z\u00edskal kr\u00e1sne 1.miesto s \u010dasom 28:00,1. Po absolvovan\u00ed triatlonu jeho pr\u00edprava pokra\u010duje tr\u00e9ningami na otvorenej vode. V rovnakom mesiaci na otvorenej vode na Doma\u0161i prepl\u00e1val cca 3km (vzdialenos\u0165 za 1:10,36), pri\u010dom za \u00fa\u010dasti 129 pretek\u00e1rov skon\u010dil na \u00fa\u017easnom 44. mieste.<\/p>\n\n\n<p><iframe loading=\"lazy\" title=\"YouTube video player\" src=\"https:\/\/www.youtube.com\/embed\/cHpSspp7DDg?si=5SzFHMXh2A4eMiZr\" width=\"560\" height=\"315\" frameborder=\"0\" allowfullscreen=\"allowfullscreen\"><\/iframe><\/p>\n\n\n<p class=\"has-medium-font-size\">V\u0161etky tieto aktivity s\u00fa pr\u00edpravou na Medzin\u00e1rodn\u00e9 plaveck\u00e9 preteky <em>Special Olympics<\/em> v Monaku (25 a\u017e 28.10 2024). Predt\u00fdm v\u0161ak e\u0161te bude absolvova\u0165 svoje ob\u013e\u00faben\u00e9 preteky v Tren\u010d\u00edne 12.10.2024 a v Bratislave 18.10.2024.<\/p>\n\n\n\n<p><strong>Berl\u00edn 2023<\/strong><\/p>\n\n\n\n<figure class=\"wp-block-gallery has-nested-images columns-default is-cropped wp-block-gallery-2 is-layout-flex wp-block-gallery-is-layout-flex\">\n<figure class=\"wp-block-image size-large\"><img decoding=\"async\" data-id=\"1304\" src=\"https:\/\/husovec.eu\/wp-content\/uploads\/2024\/08\/Berlin-1-768x1024.jpg\" alt=\"\" class=\"wp-image-1304\"\/><\/figure>\n\n\n\n<figure class=\"wp-block-image size-large\"><img decoding=\"async\" data-id=\"1303\" src=\"https:\/\/husovec.eu\/wp-content\/uploads\/2024\/08\/Berlin-2-1024x768.jpg\" alt=\"\" class=\"wp-image-1303\"\/><\/figure>\n\n\n\n<figure class=\"wp-block-image size-large\"><img decoding=\"async\" data-id=\"1313\" src=\"https:\/\/husovec.eu\/wp-content\/uploads\/2024\/08\/Berlin-6-1-768x1024.jpg\" alt=\"\" class=\"wp-image-1313\"\/><\/figure>\n\n\n\n<figure class=\"wp-block-image size-large\"><img decoding=\"async\" data-id=\"1314\" src=\"https:\/\/husovec.eu\/wp-content\/uploads\/2024\/08\/Berlin-3-1-1024x768.jpg\" alt=\"\" class=\"wp-image-1314\"\/><\/figure>\n\n\n\n<figure class=\"wp-block-image size-large\"><img decoding=\"async\" data-id=\"1307\" src=\"https:\/\/husovec.eu\/wp-content\/uploads\/2024\/08\/Berlin-5-1024x768.jpg\" alt=\"\" class=\"wp-image-1307\"\/><\/figure>\n\n\n<\/figure>\n\n\n\n<p><strong>Doma\u0161a 2024<\/strong><\/p>\n\n\n\n<figure class=\"wp-block-gallery has-nested-images columns-default is-cropped wp-block-gallery-3 is-layout-flex wp-block-gallery-is-layout-flex\">\n<figure class=\"wp-block-image size-large\"><img decoding=\"async\" data-id=\"1311\" src=\"https:\/\/husovec.eu\/wp-content\/uploads\/2024\/08\/Domatha-1-461x1024.jpg\" alt=\"\" class=\"wp-image-1311\"\/><\/figure>\n\n\n\n<figure class=\"wp-block-image size-large\"><img decoding=\"async\" data-id=\"1312\" src=\"https:\/\/husovec.eu\/wp-content\/uploads\/2024\/08\/Domatha-2-768x1024.jpg\" alt=\"\" class=\"wp-image-1312\"\/><\/figure>\n\n\n\n<figure class=\"wp-block-image size-large\"><img decoding=\"async\" data-id=\"1310\" src=\"https:\/\/husovec.eu\/wp-content\/uploads\/2024\/08\/Domatha-3.jpg\" alt=\"\" class=\"wp-image-1310\"\/><\/figure>\n\n\n<\/figure>\n\n\n\n<p><strong>Aquathlon<\/strong><\/p>\n\n\n\n\n\n<figure class=\"wp-block-gallery has-nested-images columns-default is-cropped wp-block-gallery-4 is-layout-flex wp-block-gallery-is-layout-flex\">\n<figure class=\"wp-block-image size-large\"><img decoding=\"async\" data-id=\"1316\" src=\"https:\/\/husovec.eu\/wp-content\/uploads\/2024\/08\/akva1-576x1024.jpg\" alt=\"\" class=\"wp-image-1316\"\/><\/figure>\n\n\n\n<figure class=\"wp-block-image size-large\"><img decoding=\"async\" data-id=\"1317\" src=\"https:\/\/husovec.eu\/wp-content\/uploads\/2024\/08\/akva2-1024x576.jpg\" alt=\"\" class=\"wp-image-1317\"\/><\/figure>\n<\/figure>\n\n\n\n<p><strong>Slovensk\u00fd poh\u00e1r 2023<\/strong><\/p>\n\n\n\n<figure class=\"wp-block-gallery has-nested-images columns-default is-cropped wp-block-gallery-5 is-layout-flex wp-block-gallery-is-layout-flex\">\n<figure class=\"wp-block-image size-large\"><img decoding=\"async\" data-id=\"1318\" src=\"https:\/\/husovec.eu\/wp-content\/uploads\/2024\/08\/SP-1-768x1024.jpg\" alt=\"\" class=\"wp-image-1318\"\/><\/figure>\n\n\n\n<figure class=\"wp-block-image size-large\"><img decoding=\"async\" data-id=\"1319\" src=\"https:\/\/husovec.eu\/wp-content\/uploads\/2024\/08\/SP-2-576x1024.jpg\" alt=\"\" class=\"wp-image-1319\"\/><\/figure>\n\n\n\n<figure class=\"wp-block-image size-large\"><img decoding=\"async\" data-id=\"1320\" src=\"https:\/\/husovec.eu\/wp-content\/uploads\/2024\/08\/SP-3-576x1024.jpg\" alt=\"\" class=\"wp-image-1320\"\/><\/figure>\n<\/figure>\n\n\n\n<p><strong>Duathlon Mal\u00e1 Londina<\/strong><\/p>\n\n\n\n<figure class=\"wp-block-gallery has-nested-images columns-default is-cropped wp-block-gallery-6 is-layout-flex wp-block-gallery-is-layout-flex\">\n<figure class=\"wp-block-image size-large\"><img decoding=\"async\" data-id=\"1322\" src=\"https:\/\/husovec.eu\/wp-content\/uploads\/2024\/08\/duatlon-1-461x1024.jpg\" alt=\"\" class=\"wp-image-1322\"\/><\/figure>\n\n\n\n<figure class=\"wp-block-image size-large\"><img decoding=\"async\" data-id=\"1324\" src=\"https:\/\/husovec.eu\/wp-content\/uploads\/2024\/08\/duatlon-2-461x1024.jpg\" alt=\"\" class=\"wp-image-1324\"\/><\/figure>\n\n\n\n<figure class=\"wp-block-image size-large\"><img decoding=\"async\" data-id=\"1323\" src=\"https:\/\/husovec.eu\/wp-content\/uploads\/2024\/08\/duatlon-3-1024x768.jpg\" alt=\"\" class=\"wp-image-1323\"\/><\/figure>\n<\/figure>\n\n\n\n<p><strong>Triathlon<\/strong><\/p>\n\n\n\n<figure class=\"wp-block-gallery has-nested-images columns-default is-cropped wp-block-gallery-7 is-layout-flex wp-block-gallery-is-layout-flex\">\n<figure class=\"wp-block-image size-large\"><img decoding=\"async\" data-id=\"1327\" src=\"https:\/\/husovec.eu\/wp-content\/uploads\/2024\/08\/triatlon1-1024x576.jpg\" alt=\"\" class=\"wp-image-1327\"\/><\/figure>\n\n\n\n<figure class=\"wp-block-image size-large\"><img decoding=\"async\" data-id=\"1326\" src=\"https:\/\/husovec.eu\/wp-content\/uploads\/2024\/08\/triatlon2-1024x473.jpg\" alt=\"\" class=\"wp-image-1326\"\/><\/figure>\n<\/figure>\n\n\n\n<p class=\"has-medium-font-size\">V d\u0148och 24.10.2024 a\u017e 28.10.2024 sa konal v Monacu <em>Princess Charlene Special Olympics<\/em>. Za \u00fa\u010dasti 28 kraj\u00edn z Eur\u00f3py malo aj Slovensko svoje zast\u00fapenie (traja plavci a jedna plavky\u0148a pretekali v baz\u00e9ne Alberta II) si Rast\u00edk vypl\u00e1val 4. miesto na 100m prsia v osobnom rekorde 1.46,26 (el. meran\u00e9). V druhej discipl\u00edne 50m prsia Rast\u00edk obsadil 1. miesto a s \u010dasom 48:91 si utvoril \u010fal\u0161\u00ed osobn\u00fd rekord (el. meranie).<\/p>\n\n\n\n<figure class=\"wp-block-image size-large\"><img decoding=\"async\" src=\"https:\/\/husovec.eu\/wp-content\/uploads\/2024\/11\/IMG-20241013-WA0000-1024x473.jpg\" alt=\"\" class=\"wp-image-1422\"\/><\/figure>\n\n\n\n<figure class=\"wp-block-image size-large\"><img decoding=\"async\" src=\"https:\/\/husovec.eu\/wp-content\/uploads\/2024\/11\/IMG-20241012-WA0020-1024x473.jpg\" alt=\"\" class=\"wp-image-1425\"\/><\/figure>\n\n\n\n<figure class=\"wp-block-image size-large\"><img decoding=\"async\" src=\"https:\/\/husovec.eu\/wp-content\/uploads\/2024\/11\/IMG-20241012-WA0016-1024x473.jpg\" alt=\"\" class=\"wp-image-1426\"\/><\/figure>\n\n\n\n<figure class=\"wp-block-image size-large\"><img decoding=\"async\" src=\"https:\/\/husovec.eu\/wp-content\/uploads\/2024\/11\/IMG-20241018-WA0019-1024x576.jpg\" alt=\"\" class=\"wp-image-1428\"\/><\/figure>\n\n\n\n<figure class=\"wp-block-image size-large\"><img decoding=\"async\" src=\"https:\/\/husovec.eu\/wp-content\/uploads\/2024\/11\/IMG-20241018-WA0026-1024x597.jpg\" alt=\"\" class=\"wp-image-1429\"\/><\/figure>\n\n\n\n<figure class=\"wp-block-image size-large\"><img decoding=\"async\" src=\"https:\/\/husovec.eu\/wp-content\/uploads\/2024\/11\/IMG-20241018-WA0036-1024x576.jpg\" alt=\"\" class=\"wp-image-1430\"\/><\/figure>\n\n\n\n<figure class=\"wp-block-image size-large\"><img decoding=\"async\" src=\"https:\/\/husovec.eu\/wp-content\/uploads\/2024\/11\/IMG-20241018-WA0017-1024x576.jpg\" alt=\"\" class=\"wp-image-1431\"\/><\/figure>\n\n\n<div class=\"wp-block-image\">\n<figure class=\"aligncenter size-large\"><img decoding=\"async\" src=\"https:\/\/husovec.eu\/wp-content\/uploads\/2024\/11\/IMG-20241027-WA0005-1-768x1024.jpg\" alt=\"\" class=\"wp-image-1432\"\/><\/figure>\n<\/div>","protected":false},"excerpt":{"rendered":"<p>Rastislav Husovec je \u0161portovec s Downov\u00fdm syndr\u00f3mom. Najv\u00e4\u010d\u0161\u00ed \u00faspech dosiahol v roku 2023 v Berl\u00edne na World Games Special Olympics \u2014 olympi\u00e1de pre ment\u00e1lne hendikepovan\u00fdch \u2014 kde v discipl\u00edne 100m prsia s \u010dasom 1:46,28 z\u00edskal strieborn\u00fa Olympijsk\u00fa medailu. \u0160tartoval aj na 200m prsia, kde zas skon\u010dil na kr\u00e1snom 5. mieste s \u010dasom 3:45,70. V \u0161tafete [&hellip;]<\/p>\n","protected":false},"author":1,"featured_media":0,"parent":0,"menu_order":0,"comment_status":"closed","ping_status":"closed","template":"","meta":{"footnotes":""},"class_list":["post-141","page","type-page","status-publish","hentry"],"brizy_media":[],"_links":{"self":[{"href":"https:\/\/rozbeh.eu\/index.php?rest_route=\/wp\/v2\/pages\/141","targetHints":{"allow":["GET"]}}],"collection":[{"href":"https:\/\/rozbeh.eu\/index.php?rest_route=\/wp\/v2\/pages"}],"about":[{"href":"https:\/\/rozbeh.eu\/index.php?rest_route=\/wp\/v2\/types\/page"}],"author":[{"embeddable":true,"href":"https:\/\/rozbeh.eu\/index.php?rest_route=\/wp\/v2\/users\/1"}],"replies":[{"embeddable":true,"href":"https:\/\/rozbeh.eu\/index.php?rest_route=%2Fwp%2Fv2%2Fcomments&post=141"}],"version-history":[{"count":3,"href":"https:\/\/rozbeh.eu\/index.php?rest_route=\/wp\/v2\/pages\/141\/revisions"}],"predecessor-version":[{"id":144,"href":"https:\/\/rozbeh.eu\/index.php?rest_route=\/wp\/v2\/pages\/141\/revisions\/144"}],"wp:attachment":[{"href":"https:\/\/rozbeh.eu\/index.php?rest_route=%2Fwp%2Fv2%2Fmedia&parent=141"}],"curies":[{"name":"wp","href":"https:\/\/api.w.org\/{rel}","templated":true}]}}